{"id":18,"date":"2019-03-09T22:37:16","date_gmt":"2019-03-09T21:37:16","guid":{"rendered":"http:\/\/dev.baseandco.com\/?page_id=18"},"modified":"2026-02-11T13:02:06","modified_gmt":"2026-02-11T12:02:06","slug":"contact","status":"publish","type":"page","link":"https:\/\/baseandco.com\/gb\/contact\/","title":{"rendered":"contact"},"content":{"rendered":"<section class=\"page_title_block container\" id=\"page_contact\">\n      <div class=\"row\">\n        <div class=\"col\">\n          <div class=\"inner\">\n            <div class=\"bg\"><\/div>\n            <h1>Contact us<\/h1>\n          <\/div>\n        <\/div>\n      <\/div>\n    <\/section>\n\n    <!--- Contact --->\n    <section id=\"contact\" class=\"container wow fadeInUp\">\n      <div class=\"row align-items-center\">\n        <div class=\"col-lg-6\">\n          <div class=\"contact-info\">\n            <p>Base&#038;Co is at your full disposal to discuss your needs and answer any questions you may have.<\/p>\n            <div class=\"item\">\n              <h3>Address<\/h3>\n              <p><i class=\"fa-solid fa-location-dot\"><\/i>9 Bd Gouvion-Saint-Cyr<br\/>75017 Paris<\/p>\n            <\/div>\n            <div class=\"item\">\n              <h3>Phone<\/h3>\n              <p><i class=\"fa-solid fa-phone\"><\/i>+33 1 58 36 02 35<\/p>\n            <\/div>\n          <\/div>\n        <\/div>\n        <div class=\"col-lg-6\">\n          <div class=\"form\">\n          <div id=\"sendmessage\">Votre message a \u00e9t\u00e9 envoy\u00e9<\/div>\n          <div id=\"errormessage\"><\/div>\n            \n          <form action=\"\" method=\"post\" role=\"form\" class=\"contactForm\">\n              <div class=\"row\">\n                <!--- Nom --->\n                <div class=\"form-group col-12\">\n                  <label for=\"Select2\">How did you hear about Base&#038;Co ?<\/label>\n                  <select class=\"custom-select\" id=\"Select2\">\n                    <option value=\"Recommandation\">Recommendation<\/option>\n                    <option value=\"Presse\">Press<\/option>\n                    <option value=\"Referencement\">Search engine<\/option>\n                  <\/select>\n                  <div class=\"validation\">Veuillez choisir<\/div>\n                <\/div>\n                <div class=\"form-group col-12\">\n                  <label for=\"Select1\">You are&#8230;<\/label>\n                  <select class=\"custom-select\" id=\"Select1\">\n                    <option value=\"Annonceur\">Advertiser<\/option>\n                    <option value=\"Editeur\">Publisher<\/option>\n                    <option value=\"Agence\">Agency<\/option>\n                    <option value=\"Presse\">Press<\/option>\n                    <option value=\"Autres\">Autres<\/option>\n                  <\/select>\n                  <div class=\"validation\">Veuillez choisir<\/div>\n                <\/div>\n                <!--- Nom --->\n                <div class=\"form-group col-md-6\">\n                  <label for=\"nom\">Last Name *<\/label>\n                  <input type=\"text\" name=\"name\" class=\"form-control\" id=\"nom\" placeholder=\"\" data-rule=\"minlen:2\" data-msg=\"Please enter your last name\" \/>\n                  <div class=\"validation\">Please enter your last name<\/div>\n                <\/div>\n                <!--- Pr\u00e9nom --->\n                <div class=\"form-group col-md-6\">\n                  <label for=\"prenom\">First Name *<\/label>\n                  <input type=\"text\" name=\"prenom\" class=\"form-control\" id=\"prenom\" placeholder=\"\" data-rule=\"minlen:2\" data-msg=\"Please enter your first name\" \/>\n                  <div class=\"validation\">Please enter your first name<\/div>\n                <\/div>\n                <!--- Email --->\n                <div class=\"form-group col-md-6\">\n                  <label for=\"email\">Email *<\/label>\n                  <input type=\"email\" class=\"form-control\" name=\"email\" id=\"email\" placeholder=\"\" data-rule=\"email\" data-msg=\"Please enter a valid email address\" \/>\n                  <div class=\"validation\">Please enter a valid email address<\/div>\n                <\/div>\n                <!--- T\u00e9l\u00e9phone --->\n                <div class=\"form-group col-md-6\">\n                  <label for=\"tel\">Phone *<\/label>\n                  <input type=\"tel\" name=\"tel\" class=\"form-control\" id=\"tel\" placeholder=\"\" data-rule=\"minlen:10\" data-msg=\"Phone number is required\" \/>\n                  <div class=\"validation\">Phone number is required<\/div>\n                <\/div>\n                <!--- Soci\u00e9t\u00e9 --->\n                <div class=\"form-group col-md-6\">\n                  <label for=\"societe\">Company *<\/label>\n                  <input type=\"text\" name=\"societe\" class=\"form-control\" id=\"societe\" placeholder=\"\" data-rule=\"minlen:2\" data-msg=\"Please enter your company name\" \/>\n                  <div class=\"validation\">Please enter your company name<\/div>\n                <\/div>\n                <!--- Fonction --->\n                <div class=\"form-group col-md-6\">\n                  <label for=\"fonction\">Job Title *<\/label>\n                  <input type=\"text\" name=\"fonction\" class=\"form-control\" id=\"fonction\" placeholder=\"\" data-rule=\"minlen:2\" data-msg=\"Please enter your job title\" \/>\n                  <div class=\"validation\">Please enter your job title<\/div>\n                <\/div>\n                <div class=\"form-group\">\n                  <label for=\"message\">Message *<\/label>\n                  <textarea class=\"form-control\" name=\"message\" rows=\"5\" id=\"message\" data-rule=\"required\" data-msg=\"Please provide more details about your request\" placeholder=\"\"><\/textarea>\n                  <div class=\"validation\">Please provide more details about your request<\/div>\n                <\/div>\n              <\/div>\n              <div class=\"text-center\"><button type=\"submit\">SEND<\/button><\/div>\n            <\/form>\n          <\/div>\n        <\/div>\n      <\/div>\n    <\/section>\n\n<!--- Footer --->\n  <footer id=\"footer\">\n    <div class=\"container\">\n      <div class=\"row\">\n        <div class=\"col footer-logo\">\n          <img decoding=\"async\" src=\"https:\/\/baseandco.com\/wp-content\/themes\/twentyseventeen\/assets\/img\/logo_b.png\" alt=\"baseandco-logo\" title=\"logo\"\/>\n        <\/div>\n      <\/div>\n      <div class=\"row\">\n        <div class=\"col-lg-8 footer-info\">\n          <p>Collecting People<\/p>\n          <small>High-converting leads and sales growth,<br\/>across B2B &#038; B2C<\/small>\n          <ul>\n            <li><i class=\"fa-solid fa-location-dot\"><\/i><a href=\"https:\/\/maps.app.goo.gl\/rZ93T9RYwPUenqE68\" target=\"_blank\">9 Bd Gouvion-Saint-Cyr 75017 Paris<\/a><\/li>\n            <li><i class=\"fa-solid fa-phone\"><\/i><a href=\"tel:+33158360235\" target=\"_blank\">+33 1 58 36 02 35<\/a><\/li>\n          <\/ul>\n        <\/div>\n        <div class=\"col-lg-4\">\n          <div class=\"footer-links\">\n            <ul>\n              <li><i class=\"ion-ios-arrow-right\"><\/i>&nbsp;<a href=\"https:\/\/baseandco.com\/gb\/\">Home<\/a><\/li>\n<li><i class=\"ion-ios-arrow-right\"><\/i>&nbsp;<a href=\"https:\/\/baseandco.com\/gb\/solutions\/\">Solutions<\/a><\/li>\n<li><i class=\"ion-ios-arrow-right\"><\/i>&nbsp;<a href=\"https:\/\/baseandco.com\/gb\/clients\/\">Clients<\/a><\/li>\n<li><i class=\"ion-ios-arrow-right\"><\/i>&nbsp;<a href=\"https:\/\/baseandco.com\/gb\/news\/\">News<\/a><\/li>\n<li><i class=\"ion-ios-arrow-right\"><\/i>&nbsp;<a href=\"https:\/\/baseandco.com\/gb\/societe\/\">Company<\/a><\/li>\n<li><i class=\"ion-ios-arrow-right\"><\/i>&nbsp;<a href=\"https:\/\/baseandco.com\/gb\/contact\/\">Contact<\/a><\/li>\n\n            <\/ul>\n          <\/div>\n          <div class=\"footer-newsletter\">\n            <p>Stay informed !<br>Subscribe to our newsletter.<\/p>\n            <form id=\"mc-embedded-subscribe-form\" class=\"validate\" action=\"https:\/\/baseandco.us5.list-manage.com\/subscribe\/post?u=a1e912accacd16bb093090d7c&#038;id=e80f0136c2\" method=\"post\" name=\"mc-embedded-subscribe-form\" novalidate=\"\" target=\"_blank\"><input id=\"mce-EMAIL\" class=\"required email\" name=\"EMAIL\" type=\"email\" value=\"\"><input id=\"mc-embedded-subscribe\" class=\"button\" name=\"subscribe\" type=\"submit\" value=\"Subscribe\"><\/form><script type=\"text\/javascript\" src=\"\/\/s3.amazonaws.com\/downloads.mailchimp.com\/js\/mc-validate.js\"><\/script><script type=\"text\/javascript\">(function($) {window.fnames = new Array(); window.ftypes = new Array();fnames[0]='EMAIL';ftypes[0]='email';}(jQuery));var $mcj = jQuery.noConflict(true);<\/script>\n          <\/div>\n        <\/div>\n      <\/div>\n      <div class=\"row\">\n        <div class=\"col\">\n          <div class=\"copyright\">\n            <span>Copyright &copy; 2005-2026 Base&#038;Co. All rights reserved.<\/span>\n            <div class=\"mentions_links\"><a href=\"\/gb\/mentions-legales\" target=\"_blank\">Legal notice<\/a> | <a href=\"\/gb\/politique-de-confidentialite\/\" target=\"_blank\">Privacy Policy<\/a><\/div>\n          <\/div>\n        <\/div>\n      <\/div>\n    <\/div>\n  <\/footer>","protected":false},"excerpt":{"rendered":"Contact us Base&#038;Co is at your full disposal to discuss your needs and answer any questions you may have. Address 9 Bd Gouvion-Saint-Cyr75017 Paris Phone +33 1 58 36 02 35 Votre message a \u00e9t\u00e9 envoy\u00e9 How did you hear about Base&#038;Co ? Recommendation Press Search engine Veuillez choisir You are&#8230; Advertiser Publisher Agency Press &hellip; <p class=\"link-more\"><a href=\"https:\/\/baseandco.com\/gb\/contact\/\" class=\"more-link\">Continue reading<span class=\"screen-reader-text\"> &#8220;contact&#8221;<\/span><\/a><\/p>","protected":false},"author":1,"featured_media":0,"parent":0,"menu_order":0,"comment_status":"closed","ping_status":"closed","template":"","meta":{"footnotes":""},"class_list":["post-18","page","type-page","status-publish","hentry"],"translation":{"provider":"WPGlobus","version":"3.0.0","language":"gb","enabled_languages":["fr","gb"],"languages":{"fr":{"title":true,"content":true,"excerpt":false},"gb":{"title":false,"content":true,"excerpt":false}}},"_links":{"self":[{"href":"https:\/\/baseandco.com\/gb\/wp-json\/wp\/v2\/pages\/18","targetHints":{"allow":["GET"]}}],"collection":[{"href":"https:\/\/baseandco.com\/gb\/wp-json\/wp\/v2\/pages"}],"about":[{"href":"https:\/\/baseandco.com\/gb\/wp-json\/wp\/v2\/types\/page"}],"author":[{"embeddable":true,"href":"https:\/\/baseandco.com\/gb\/wp-json\/wp\/v2\/users\/1"}],"replies":[{"embeddable":true,"href":"https:\/\/baseandco.com\/gb\/wp-json\/wp\/v2\/comments?post=18"}],"version-history":[{"count":73,"href":"https:\/\/baseandco.com\/gb\/wp-json\/wp\/v2\/pages\/18\/revisions"}],"predecessor-version":[{"id":2792,"href":"https:\/\/baseandco.com\/gb\/wp-json\/wp\/v2\/pages\/18\/revisions\/2792"}],"wp:attachment":[{"href":"https:\/\/baseandco.com\/gb\/wp-json\/wp\/v2\/media?parent=18"}],"curies":[{"name":"wp","href":"https:\/\/api.w.org\/{rel}","templated":true}]}}